{"id":4039,"date":"2019-12-17T14:51:52","date_gmt":"2019-12-17T13:51:52","guid":{"rendered":"https:\/\/tcsled.fr\/dev\/?post_type=product&#038;p=4039"},"modified":"2024-05-24T11:19:36","modified_gmt":"2024-05-24T09:19:36","slug":"ref-pique","status":"publish","type":"product","link":"https:\/\/tcsled.fr\/index.php\/produit\/ref-pique\/","title":{"rendered":"R\u00e9f. PIQUE ~ pour spots ext\u00e9rieurs ~"},"content":{"rendered":"<p>[et_pb_section fb_built=\u00a0\u00bb1&Prime; custom_padding_last_edited=\u00a0\u00bbon|phone\u00a0\u00bb admin_label=\u00a0\u00bbFiche produit 2024&Prime; _builder_version=\u00a0\u00bb4.25.0&Prime; width=\u00a0\u00bb90%\u00a0\u00bb module_alignment=\u00a0\u00bbcenter\u00a0\u00bb custom_margin=\u00a0\u00bb||||false|true\u00a0\u00bb custom_padding=\u00a0\u00bb3px||||false|true\u00a0\u00bb custom_padding_tablet=\u00a0\u00bb3px||||false|true\u00a0\u00bb custom_padding_phone=\u00a0\u00bb0px||0px||false|true\u00a0\u00bb da_disable_devices=\u00a0\u00bboff|off|off\u00a0\u00bb saved_tabs=\u00a0\u00bball\u00a0\u00bb locked=\u00a0\u00bboff\u00a0\u00bb collapsed=\u00a0\u00bboff\u00a0\u00bb global_colors_info=\u00a0\u00bb{}\u00a0\u00bb da_is_popup=\u00a0\u00bboff\u00a0\u00bb da_exit_intent=\u00a0\u00bboff\u00a0\u00bb da_has_close=\u00a0\u00bbon\u00a0\u00bb da_alt_close=\u00a0\u00bboff\u00a0\u00bb da_dark_close=\u00a0\u00bboff\u00a0\u00bb da_not_modal=\u00a0\u00bbon\u00a0\u00bb da_is_singular=\u00a0\u00bboff\u00a0\u00bb da_with_loader=\u00a0\u00bboff\u00a0\u00bb da_has_shadow=\u00a0\u00bbon\u00a0\u00bb][et_pb_row _builder_version=\u00a0\u00bb4.24.3&Prime; _module_preset=\u00a0\u00bbdefault\u00a0\u00bb width=\u00a0\u00bb90%\u00a0\u00bb max_width=\u00a0\u00bb800px\u00a0\u00bb custom_margin=\u00a0\u00bb40px||20px||false|false\u00a0\u00bb custom_padding=\u00a0\u00bb0px||0px||false|false\u00a0\u00bb global_colors_info=\u00a0\u00bb{}\u00a0\u00bb][et_pb_column type=\u00a0\u00bb4_4&Prime; _builder_version=\u00a0\u00bb4.24.3&Prime; _module_preset=\u00a0\u00bbdefault\u00a0\u00bb global_colors_info=\u00a0\u00bb{}\u00a0\u00bb][et_pb_wc_meta show_sku=\u00a0\u00bboff\u00a0\u00bb _builder_version=\u00a0\u00bb4.25.0&Prime; _module_preset=\u00a0\u00bbdefault\u00a0\u00bb body_font=\u00a0\u00bbDosis|||on|||||\u00a0\u00bb body_text_align=\u00a0\u00bbcenter\u00a0\u00bb body_text_color=\u00a0\u00bb#FF7826&Prime; body_font_size=\u00a0\u00bb12px\u00a0\u00bb body_letter_spacing=\u00a0\u00bb2px\u00a0\u00bb body_line_height=\u00a0\u00bb1.8em\u00a0\u00bb background_color=\u00a0\u00bb#FFFFFF\u00a0\u00bb custom_margin=\u00a0\u00bb||0px||false|false\u00a0\u00bb custom_padding=\u00a0\u00bb||14px||false|false\u00a0\u00bb body_text_align_tablet=\u00a0\u00bbcenter\u00a0\u00bb body_text_align_phone=\u00a0\u00bbcenter\u00a0\u00bb body_text_align_last_edited=\u00a0\u00bbon|desktop\u00a0\u00bb border_color_all=\u00a0\u00bb#FFFFFF\u00a0\u00bb box_shadow_style=\u00a0\u00bbpreset3&Prime; box_shadow_blur=\u00a0\u00bb9px\u00a0\u00bb box_shadow_spread=\u00a0\u00bb-12px\u00a0\u00bb box_shadow_color=\u00a0\u00bb#B3B3B3&Prime; global_colors_info=\u00a0\u00bb{}\u00a0\u00bb][\/et_pb_wc_meta][et_pb_wc_title _builder_version=\u00a0\u00bb4.25.0&Prime; header_font=\u00a0\u00bbKhand||||||||\u00a0\u00bb header_text_align=\u00a0\u00bbcenter\u00a0\u00bb header_text_color=\u00a0\u00bb#474747&Prime; header_font_size=\u00a0\u00bb42px\u00a0\u00bb custom_margin=\u00a0\u00bb7px||17px||false|false\u00a0\u00bb custom_margin_tablet=\u00a0\u00bb7px||17px||false|false\u00a0\u00bb custom_margin_phone=\u00a0\u00bb7px||5px||false|false\u00a0\u00bb custom_margin_last_edited=\u00a0\u00bbon|phone\u00a0\u00bb custom_padding=\u00a0\u00bb20px||||false|false\u00a0\u00bb header_text_align_tablet=\u00a0\u00bbcenter\u00a0\u00bb header_text_align_phone=\u00a0\u00bbcenter\u00a0\u00bb header_text_align_last_edited=\u00a0\u00bbon|desktop\u00a0\u00bb header_font_size_tablet=\u00a0\u00bb\u00a0\u00bb header_font_size_phone=\u00a0\u00bb30px\u00a0\u00bb header_font_size_last_edited=\u00a0\u00bbon|desktop\u00a0\u00bb global_colors_info=\u00a0\u00bb{}\u00a0\u00bb][\/et_pb_wc_title][et_pb_wc_description _builder_version=\u00a0\u00bb4.25.0&Prime; body_font=\u00a0\u00bbDosis||||||||\u00a0\u00bb body_text_color=\u00a0\u00bb#474747&Prime; body_font_size=\u00a0\u00bb21px\u00a0\u00bb body_letter_spacing=\u00a0\u00bb1px\u00a0\u00bb body_line_height=\u00a0\u00bb1.2em\u00a0\u00bb header_font=\u00a0\u00bb||||||||\u00a0\u00bb text_orientation=\u00a0\u00bbcenter\u00a0\u00bb custom_margin=\u00a0\u00bb||23px|||\u00a0\u00bb custom_margin_tablet=\u00a0\u00bb||23px|||\u00a0\u00bb custom_margin_phone=\u00a0\u00bb10px||||false|false\u00a0\u00bb custom_margin_last_edited=\u00a0\u00bbon|phone\u00a0\u00bb custom_padding=\u00a0\u00bb||30px||false|false\u00a0\u00bb custom_padding_tablet=\u00a0\u00bb||30px||false|false\u00a0\u00bb custom_padding_phone=\u00a0\u00bb||0px||false|false\u00a0\u00bb custom_padding_last_edited=\u00a0\u00bbon|phone\u00a0\u00bb body_font_size_tablet=\u00a0\u00bb18px\u00a0\u00bb body_font_size_phone=\u00a0\u00bb16px\u00a0\u00bb body_font_size_last_edited=\u00a0\u00bbon|phone\u00a0\u00bb body_letter_spacing_tablet=\u00a0\u00bb1px\u00a0\u00bb body_letter_spacing_phone=\u00a0\u00bb1px\u00a0\u00bb body_letter_spacing_last_edited=\u00a0\u00bbon|phone\u00a0\u00bb text_orientation_tablet=\u00a0\u00bbcenter\u00a0\u00bb text_orientation_phone=\u00a0\u00bbcenter\u00a0\u00bb text_orientation_last_edited=\u00a0\u00bbon|desktop\u00a0\u00bb global_colors_info=\u00a0\u00bb{}\u00a0\u00bb][\/et_pb_wc_description][\/et_pb_column][\/et_pb_row][et_pb_row column_structure=\u00a0\u00bb2_5,3_5&Prime; use_custom_gutter=\u00a0\u00bbon\u00a0\u00bb _builder_version=\u00a0\u00bb4.25.0&Prime; _module_preset=\u00a0\u00bbdefault\u00a0\u00bb width=\u00a0\u00bb90%\u00a0\u00bb max_width=\u00a0\u00bb800px\u00a0\u00bb border_width_bottom=\u00a0\u00bb1px\u00a0\u00bb global_colors_info=\u00a0\u00bb{}\u00a0\u00bb][et_pb_column type=\u00a0\u00bb2_5&Prime; _builder_version=\u00a0\u00bb4.24.3&Prime; _module_preset=\u00a0\u00bbdefault\u00a0\u00bb global_colors_info=\u00a0\u00bb{}\u00a0\u00bb][et_pb_wc_images show_sale_badge=\u00a0\u00bboff\u00a0\u00bb force_fullwidth=\u00a0\u00bbon\u00a0\u00bb disabled_on=\u00a0\u00bboff|off|off\u00a0\u00bb _builder_version=\u00a0\u00bb4.25.0&Prime; custom_margin=\u00a0\u00bb|0px|0px||false|false\u00a0\u00bb custom_padding=\u00a0\u00bb0px|0px|0px|0px|false|false\u00a0\u00bb custom_padding_tablet=\u00a0\u00bb0px|60px|0px|60px|false|true\u00a0\u00bb custom_padding_phone=\u00a0\u00bb0px|0px|0px|0px|false|true\u00a0\u00bb custom_padding_last_edited=\u00a0\u00bbon|phone\u00a0\u00bb animation_style=\u00a0\u00bbzoom\u00a0\u00bb border_width_all=\u00a0\u00bb0px\u00a0\u00bb border_color_all=\u00a0\u00bb#FFFFFF\u00a0\u00bb border_style_all=\u00a0\u00bbnone\u00a0\u00bb border_width_all_image=\u00a0\u00bb0px\u00a0\u00bb border_color_all_image=\u00a0\u00bb#FFFFFF\u00a0\u00bb border_width_all_image_tablet=\u00a0\u00bb50px\u00a0\u00bb border_width_all_image_phone=\u00a0\u00bb0px\u00a0\u00bb border_width_all_image_last_edited=\u00a0\u00bbon|tablet\u00a0\u00bb global_colors_info=\u00a0\u00bb{}\u00a0\u00bb][\/et_pb_wc_images][\/et_pb_column][et_pb_column type=\u00a0\u00bb3_5&Prime; _builder_version=\u00a0\u00bb4.24.3&Prime; _module_preset=\u00a0\u00bbdefault\u00a0\u00bb global_colors_info=\u00a0\u00bb{}\u00a0\u00bb][et_pb_text disabled_on=\u00a0\u00bbon|on|on\u00a0\u00bb admin_label=\u00a0\u00bb++ LES AVANTAGES\u00a0\u00bb module_class=\u00a0\u00bbet_custom_text\u00a0\u00bb _builder_version=\u00a0\u00bb4.25.1&Prime; text_font=\u00a0\u00bbDosis||||||||\u00a0\u00bb text_text_color=\u00a0\u00bb#000000&Prime; text_font_size=\u00a0\u00bb21px\u00a0\u00bb text_line_height=\u00a0\u00bb1em\u00a0\u00bb header_text_color=\u00a0\u00bb#000000&Prime; header_font_size=\u00a0\u00bb34px\u00a0\u00bb custom_padding=\u00a0\u00bb||18px|||\u00a0\u00bb hover_enabled=\u00a0\u00bb0&Prime; text_font_size_tablet=\u00a0\u00bb24px\u00a0\u00bb text_font_size_phone=\u00a0\u00bb24px\u00a0\u00bb text_font_size_last_edited=\u00a0\u00bbon|desktop\u00a0\u00bb custom_css_main_element=\u00a0\u00bbli {||list-style-image: url(%22https:\/\/tcsled.fr\/wp-content\/uploads\/PuceTCS_decalBAS.png%22);||}||||li {||line-height: 2 ;||}||||li{||padding-left: 10px;||list-style-position : outside;||}\u00a0\u00bb border_width_all=\u00a0\u00bb0px\u00a0\u00bb border_style_all=\u00a0\u00bboutset\u00a0\u00bb border_width_bottom=\u00a0\u00bb0px\u00a0\u00bb global_colors_info=\u00a0\u00bb{}\u00a0\u00bb disabled=\u00a0\u00bbon\u00a0\u00bb sticky_enabled=\u00a0\u00bb0&Prime;]<\/p>\n<ul>\n<li>Avantage 1<\/li>\n<li>Avantage 2<\/li>\n<li>&#8230;<\/li>\n<\/ul>\n<p>[\/et_pb_text][et_pb_wc_tabs active_tab_background_color=\u00a0\u00bb#000000&Prime; inactive_tab_background_color=\u00a0\u00bb#FFFFFF\u00a0\u00bb active_tab_text_color=\u00a0\u00bb#FF7826&Prime; include_tabs=\u00a0\u00bbdescription||\u00a0\u00bb inactive_tab_background_color_tablet=\u00a0\u00bb\u00a0\u00bb inactive_tab_background_color_phone=\u00a0\u00bb#FFFFFF\u00a0\u00bb inactive_tab_background_color_last_edited=\u00a0\u00bbon|desktop\u00a0\u00bb disabled_on=\u00a0\u00bboff|off|off\u00a0\u00bb admin_label=\u00a0\u00bbDescription produit\u00a0\u00bb _builder_version=\u00a0\u00bb4.25.0&Prime; tab_text_color=\u00a0\u00bbRGBA(255,255,255,0)\u00a0\u00bb body_font=\u00a0\u00bbDosis||||||||\u00a0\u00bb body_text_align=\u00a0\u00bbleft\u00a0\u00bb body_text_color=\u00a0\u00bb#474747&Prime; body_font_size=\u00a0\u00bb18px\u00a0\u00bb body_line_height=\u00a0\u00bb1.4em\u00a0\u00bb tab_font=\u00a0\u00bbMontserrat|600||on|||||\u00a0\u00bb tab_font_size=\u00a0\u00bb11px\u00a0\u00bb tab_line_height=\u00a0\u00bb1.7em\u00a0\u00bb background_color=\u00a0\u00bbRGBA(255,255,255,0)\u00a0\u00bb background_enable_image=\u00a0\u00bboff\u00a0\u00bb min_height=\u00a0\u00bb56px\u00a0\u00bb custom_margin=\u00a0\u00bb||30px||false|false\u00a0\u00bb custom_padding=\u00a0\u00bb|0px||0px|false|true\u00a0\u00bb animation_style=\u00a0\u00bbslide\u00a0\u00bb body_font_size_tablet=\u00a0\u00bb18px\u00a0\u00bb body_font_size_phone=\u00a0\u00bb18px\u00a0\u00bb body_font_size_last_edited=\u00a0\u00bbon|phone\u00a0\u00bb border_radii=\u00a0\u00bboff||||\u00a0\u00bb border_color_all=\u00a0\u00bbRGBA(255,255,255,0)\u00a0\u00bb border_color_bottom=\u00a0\u00bb#000000&Prime; global_colors_info=\u00a0\u00bb{}\u00a0\u00bb] [\/et_pb_wc_tabs][\/et_pb_column][\/et_pb_row][et_pb_row column_structure=\u00a0\u00bb2_5,3_5&Prime; _builder_version=\u00a0\u00bb4.24.3&Prime; _module_preset=\u00a0\u00bbdefault\u00a0\u00bb width=\u00a0\u00bb90%\u00a0\u00bb max_width=\u00a0\u00bb800px\u00a0\u00bb custom_margin=\u00a0\u00bb30px||||false|false\u00a0\u00bb global_colors_info=\u00a0\u00bb{}\u00a0\u00bb][et_pb_column type=\u00a0\u00bb2_5&Prime; _builder_version=\u00a0\u00bb4.24.3&Prime; _module_preset=\u00a0\u00bbdefault\u00a0\u00bb global_colors_info=\u00a0\u00bb{}\u00a0\u00bb][et_pb_image src=\u00a0\u00bbhttps:\/\/tcsled.fr\/wp-content\/uploads\/Schema-a-placer.jpg\u00a0\u00bb title_text=\u00a0\u00bbSchema a placer\u00a0\u00bb show_in_lightbox=\u00a0\u00bbon\u00a0\u00bb align_tablet=\u00a0\u00bbcenter\u00a0\u00bb align_phone=\u00a0\u00bbcenter\u00a0\u00bb align_last_edited=\u00a0\u00bbon|phone\u00a0\u00bb disabled_on=\u00a0\u00bbon|on|on\u00a0\u00bb admin_label=\u00a0\u00bbSCHEMA AVEC COTES\u00a0\u00bb _builder_version=\u00a0\u00bb4.25.1&Prime; _module_preset=\u00a0\u00bbdefault\u00a0\u00bb animation_style=\u00a0\u00bbslide\u00a0\u00bb animation_direction=\u00a0\u00bbleft\u00a0\u00bb hover_enabled=\u00a0\u00bb0&Prime; global_colors_info=\u00a0\u00bb{}\u00a0\u00bb disabled=\u00a0\u00bbon\u00a0\u00bb sticky_enabled=\u00a0\u00bb0&Prime;][\/et_pb_image][\/et_pb_column][et_pb_column type=\u00a0\u00bb3_5&Prime; _builder_version=\u00a0\u00bb4.24.3&Prime; _module_preset=\u00a0\u00bbdefault\u00a0\u00bb global_colors_info=\u00a0\u00bb{}\u00a0\u00bb][et_pb_wc_additional_info _builder_version=\u00a0\u00bb4.25.0&Prime; table_background_color=\u00a0\u00bb#FFFFFF\u00a0\u00bb table_row_background_color=\u00a0\u00bbRGBA(214,214,214,0.52)\u00a0\u00bb table_cell_background_color=\u00a0\u00bb#FFFFFF\u00a0\u00bb body_font=\u00a0\u00bbDosis||||||||\u00a0\u00bb body_font_size=\u00a0\u00bb16px\u00a0\u00bb header_text_color=\u00a0\u00bbrgba(0,0,0,0)\u00a0\u00bb attribute_font=\u00a0\u00bbDosis|500||on|||||\u00a0\u00bb attribute_text_color=\u00a0\u00bb#474747&Prime; attribute_font_size=\u00a0\u00bb12px\u00a0\u00bb attribute_letter_spacing=\u00a0\u00bb1px\u00a0\u00bb border_width_all=\u00a0\u00bb1px\u00a0\u00bb border_color_all_table=\u00a0\u00bb#FFFFFF\u00a0\u00bb border_width_all_table_row=\u00a0\u00bb0px\u00a0\u00bb border_color_all_table_row=\u00a0\u00bb#FFFFFF\u00a0\u00bb global_colors_info=\u00a0\u00bb{}\u00a0\u00bb][\/et_pb_wc_additional_info][\/et_pb_column][\/et_pb_row][et_pb_row custom_padding_last_edited=\u00a0\u00bbon|phone\u00a0\u00bb _builder_version=\u00a0\u00bb4.24.3&Prime; background_size=\u00a0\u00bbinitial\u00a0\u00bb background_position=\u00a0\u00bbtop_left\u00a0\u00bb background_repeat=\u00a0\u00bbrepeat\u00a0\u00bb width=\u00a0\u00bb90%\u00a0\u00bb min_height=\u00a0\u00bb65px\u00a0\u00bb custom_margin=\u00a0\u00bb23px|auto||auto|false|false\u00a0\u00bb custom_padding_tablet=\u00a0\u00bb\u00a0\u00bb custom_padding_phone=\u00a0\u00bb||0px||false|false\u00a0\u00bb border_width_top=\u00a0\u00bb1px\u00a0\u00bb border_color_top=\u00a0\u00bbrgba(0,0,0,0.18)\u00a0\u00bb locked=\u00a0\u00bboff\u00a0\u00bb collapsed=\u00a0\u00bboff\u00a0\u00bb global_colors_info=\u00a0\u00bb{}\u00a0\u00bb][et_pb_column type=\u00a0\u00bb4_4&Prime; _builder_version=\u00a0\u00bb4.16&Prime; custom_padding=\u00a0\u00bb|||\u00a0\u00bb global_colors_info=\u00a0\u00bb{}\u00a0\u00bb custom_padding__hover=\u00a0\u00bb|||\u00a0\u00bb][et_pb_wc_upsells posts_number=\u00a0\u00bb6&Prime; columns_number=\u00a0\u00bb6&Prime; orderby=\u00a0\u00bbmenu_order\u00a0\u00bb show_price=\u00a0\u00bboff\u00a0\u00bb show_rating=\u00a0\u00bboff\u00a0\u00bb show_sale_badge=\u00a0\u00bboff\u00a0\u00bb _builder_version=\u00a0\u00bb4.25.0&Prime; title_font=\u00a0\u00bbMontserrat|600|||||||\u00a0\u00bb title_font_size=\u00a0\u00bb18px\u00a0\u00bb product_title_font=\u00a0\u00bbDosis||||||||\u00a0\u00bb width=\u00a0\u00bb100%\u00a0\u00bb max_width_tablet=\u00a0\u00bb60%\u00a0\u00bb max_width_phone=\u00a0\u00bb80%\u00a0\u00bb max_width_last_edited=\u00a0\u00bbon|tablet\u00a0\u00bb module_alignment=\u00a0\u00bbcenter\u00a0\u00bb custom_margin=\u00a0\u00bb10px||||false|false\u00a0\u00bb link_option_url_new_window=\u00a0\u00bbon\u00a0\u00bb global_colors_info=\u00a0\u00bb{}\u00a0\u00bb][\/et_pb_wc_upsells][\/et_pb_column][\/et_pb_row][\/et_pb_section]<\/p>\n","protected":false},"excerpt":{"rendered":"<p><span data-sheets-value=\"{&quot;1&quot;:2,&quot;2&quot;:&quot;Wall Washer IP65 1m 4350Lm&quot;}\" data-sheets-userformat=\"{&quot;2&quot;:31725,&quot;3&quot;:{&quot;1&quot;:1},&quot;5&quot;:{&quot;1&quot;:[{&quot;1&quot;:2,&quot;2&quot;:0,&quot;5&quot;:[null,2,12105912]},{&quot;1&quot;:0,&quot;2&quot;:0,&quot;3&quot;:3},{&quot;1&quot;:1,&quot;2&quot;:0,&quot;4&quot;:1}]},&quot;6&quot;:{&quot;1&quot;:[{&quot;1&quot;:2,&quot;2&quot;:0,&quot;5&quot;:[null,2,12105912]},{&quot;1&quot;:0,&quot;2&quot;:0,&quot;3&quot;:3},{&quot;1&quot;:1,&quot;2&quot;:0,&quot;4&quot;:1}]},&quot;8&quot;:{&quot;1&quot;:[{&quot;1&quot;:2,&quot;2&quot;:0,&quot;5&quot;:[null,2,12105912]},{&quot;1&quot;:0,&quot;2&quot;:0,&quot;3&quot;:3},{&quot;1&quot;:1,&quot;2&quot;:0,&quot;4&quot;:1}]},&quot;9&quot;:1,&quot;10&quot;:1,&quot;11&quot;:4,&quot;12&quot;:0,&quot;14&quot;:[null,2,0],&quot;15&quot;:&quot;Arial Narrow&quot;,&quot;16&quot;:14,&quot;17&quot;:1}\">PIQUET ALUMINIUM pour tous spots pat\u00e8re<\/span><\/p>\n","protected":false},"featured_media":4040,"template":"","meta":{"_et_pb_use_builder":"on","_et_pb_old_content":"<span data-sheets-value=\"{&quot;1&quot;:2,&quot;2&quot;:&quot;Barre de 1 m\u00e8tre (de 30 cm \u00e0 2 m\u00e8tres, sur mesure). LEDs avec optique 10\u00b0 ou 25\u00b0, IP65, orientable avec alimentation int\u00e9gr\u00e9e 24V, couleurs led disponibles : 2700K \u00e0 5000K \/ ROUGE \/ VERT \/ BLEU \/ AMBRE, 4350 lumens\/m\u00e8tre.\\n&quot;}\" data-sheets-userformat=\"{&quot;2&quot;:15293,&quot;3&quot;:[null,2,&quot;_-* #,##0.00\\\\ \\&quot;\u20ac\\&quot;_-;\\\\-* #,##0.00\\\\ \\&quot;\u20ac\\&quot;_-;_-* \\&quot;-\\&quot;??\\\\ \\&quot;\u20ac\\&quot;_-;_-@&quot;,1],&quot;5&quot;:{&quot;1&quot;:[{&quot;1&quot;:2,&quot;2&quot;:0,&quot;5&quot;:[null,2,12105912]},{&quot;1&quot;:0,&quot;2&quot;:0,&quot;3&quot;:3},{&quot;1&quot;:1,&quot;2&quot;:0,&quot;4&quot;:1}]},&quot;6&quot;:{&quot;1&quot;:[{&quot;1&quot;:2,&quot;2&quot;:0,&quot;5&quot;:[null,2,12105912]},{&quot;1&quot;:0,&quot;2&quot;:0,&quot;3&quot;:3},{&quot;1&quot;:1,&quot;2&quot;:0,&quot;4&quot;:1}]},&quot;7&quot;:{&quot;1&quot;:[{&quot;1&quot;:2,&quot;2&quot;:0,&quot;5&quot;:[null,2,12105912]},{&quot;1&quot;:0,&quot;2&quot;:0,&quot;3&quot;:3},{&quot;1&quot;:1,&quot;2&quot;:0,&quot;4&quot;:1}]},&quot;8&quot;:{&quot;1&quot;:[{&quot;1&quot;:2,&quot;2&quot;:0,&quot;5&quot;:[null,2,12105912]},{&quot;1&quot;:0,&quot;2&quot;:0,&quot;3&quot;:3},{&quot;1&quot;:1,&quot;2&quot;:0,&quot;4&quot;:1}]},&quot;10&quot;:1,&quot;11&quot;:4,&quot;12&quot;:0,&quot;14&quot;:[null,2,0],&quot;15&quot;:&quot;Arial Narrow&quot;,&quot;16&quot;:14}\">PIQUET ALUMINIUM pour tous spots pat\u00e8re. Peinture EPOXY noire<\/span>","_et_gb_content_width":""},"product_brand":[],"product_cat":[128,67],"product_tag":[],"class_list":{"0":"post-4039","1":"product","2":"type-product","3":"status-publish","4":"has-post-thumbnail","6":"product_cat-128","7":"product_cat-67","8":"pa_finition-aluminium","9":"pa_finition-epoxy","11":"first","12":"instock","13":"featured","14":"shipping-taxable","15":"product-type-simple"},"yoast_head":"<!-- This site is optimized with the Yoast SEO plugin v27.3 - https:\/\/yoast.com\/product\/yoast-seo-wordpress\/ -->\n<title>R\u00e9f. PIQUE ~ pour spots ext\u00e9rieurs ~ - TCS-LED<\/title>\n<meta name=\"robots\" content=\"index, follow, max-snippet:-1, max-image-preview:large, max-video-preview:-1\" \/>\n<link rel=\"canonical\" href=\"https:\/\/tcsled.fr\/index.php\/produit\/ref-pique\/\" \/>\n<meta property=\"og:locale\" content=\"fr_FR\" \/>\n<meta property=\"og:type\" content=\"article\" \/>\n<meta property=\"og:title\" content=\"R\u00e9f. PIQUE ~ pour spots ext\u00e9rieurs ~ - TCS-LED\" \/>\n<meta property=\"og:description\" content=\"PIQUET ALUMINIUM pour tous spots pat\u00e8re\" \/>\n<meta property=\"og:url\" content=\"https:\/\/tcsled.fr\/index.php\/produit\/ref-pique\/\" \/>\n<meta property=\"og:site_name\" content=\"TCS-LED\" \/>\n<meta property=\"article:publisher\" content=\"https:\/\/www.facebook.com\/Tcs-led-449837571756448\/?tn-str=k%2aF\" \/>\n<meta property=\"article:modified_time\" content=\"2024-05-24T09:19:36+00:00\" \/>\n<meta property=\"og:image\" content=\"https:\/\/tcsled.fr\/wp-content\/uploads\/2019\/12\/PIQUE_TCS_REF.jpg\" \/>\n\t<meta property=\"og:image:width\" content=\"549\" \/>\n\t<meta property=\"og:image:height\" content=\"467\" \/>\n\t<meta property=\"og:image:type\" content=\"image\/jpeg\" \/>\n<meta name=\"twitter:card\" content=\"summary_large_image\" \/>\n<meta name=\"twitter:label1\" content=\"Dur\u00e9e de lecture estim\u00e9e\" \/>\n\t<meta name=\"twitter:data1\" content=\"1 minute\" \/>\n<script type=\"application\/ld+json\" class=\"yoast-schema-graph\">{\"@context\":\"https:\\\/\\\/schema.org\",\"@graph\":[{\"@type\":\"WebPage\",\"@id\":\"https:\\\/\\\/tcsled.fr\\\/index.php\\\/produit\\\/ref-pique\\\/\",\"url\":\"https:\\\/\\\/tcsled.fr\\\/index.php\\\/produit\\\/ref-pique\\\/\",\"name\":\"R\u00e9f. PIQUE ~ pour spots ext\u00e9rieurs ~ - TCS-LED\",\"isPartOf\":{\"@id\":\"https:\\\/\\\/tcsled.fr\\\/#website\"},\"primaryImageOfPage\":{\"@id\":\"https:\\\/\\\/tcsled.fr\\\/index.php\\\/produit\\\/ref-pique\\\/#primaryimage\"},\"image\":{\"@id\":\"https:\\\/\\\/tcsled.fr\\\/index.php\\\/produit\\\/ref-pique\\\/#primaryimage\"},\"thumbnailUrl\":\"https:\\\/\\\/tcsled.fr\\\/wp-content\\\/uploads\\\/2019\\\/12\\\/PIQUE_TCS_REF.jpg\",\"datePublished\":\"2019-12-17T13:51:52+00:00\",\"dateModified\":\"2024-05-24T09:19:36+00:00\",\"breadcrumb\":{\"@id\":\"https:\\\/\\\/tcsled.fr\\\/index.php\\\/produit\\\/ref-pique\\\/#breadcrumb\"},\"inLanguage\":\"fr-FR\",\"potentialAction\":[{\"@type\":\"ReadAction\",\"target\":[\"https:\\\/\\\/tcsled.fr\\\/index.php\\\/produit\\\/ref-pique\\\/\"]}]},{\"@type\":\"ImageObject\",\"inLanguage\":\"fr-FR\",\"@id\":\"https:\\\/\\\/tcsled.fr\\\/index.php\\\/produit\\\/ref-pique\\\/#primaryimage\",\"url\":\"https:\\\/\\\/tcsled.fr\\\/wp-content\\\/uploads\\\/2019\\\/12\\\/PIQUE_TCS_REF.jpg\",\"contentUrl\":\"https:\\\/\\\/tcsled.fr\\\/wp-content\\\/uploads\\\/2019\\\/12\\\/PIQUE_TCS_REF.jpg\",\"width\":549,\"height\":467},{\"@type\":\"BreadcrumbList\",\"@id\":\"https:\\\/\\\/tcsled.fr\\\/index.php\\\/produit\\\/ref-pique\\\/#breadcrumb\",\"itemListElement\":[{\"@type\":\"ListItem\",\"position\":1,\"name\":\"Accueil\",\"item\":\"https:\\\/\\\/tcsled.fr\\\/\"},{\"@type\":\"ListItem\",\"position\":2,\"name\":\"La boutique\",\"item\":\"https:\\\/\\\/tcsled.fr\\\/index.php\\\/la-boutique\\\/\"},{\"@type\":\"ListItem\",\"position\":3,\"name\":\"R\u00e9f. PIQUE ~ pour spots ext\u00e9rieurs ~\"}]},{\"@type\":\"WebSite\",\"@id\":\"https:\\\/\\\/tcsled.fr\\\/#website\",\"url\":\"https:\\\/\\\/tcsled.fr\\\/\",\"name\":\"TCS-LED\",\"description\":\"TOUT L\u2018ECLAIRAGE LED, SUR-MESURE\",\"publisher\":{\"@id\":\"https:\\\/\\\/tcsled.fr\\\/#organization\"},\"potentialAction\":[{\"@type\":\"SearchAction\",\"target\":{\"@type\":\"EntryPoint\",\"urlTemplate\":\"https:\\\/\\\/tcsled.fr\\\/?s={search_term_string}\"},\"query-input\":{\"@type\":\"PropertyValueSpecification\",\"valueRequired\":true,\"valueName\":\"search_term_string\"}}],\"inLanguage\":\"fr-FR\"},{\"@type\":\"Organization\",\"@id\":\"https:\\\/\\\/tcsled.fr\\\/#organization\",\"name\":\"Techniques Conseils Services\",\"alternateName\":\"TCS\u2022LED\",\"url\":\"https:\\\/\\\/tcsled.fr\\\/\",\"logo\":{\"@type\":\"ImageObject\",\"inLanguage\":\"fr-FR\",\"@id\":\"https:\\\/\\\/tcsled.fr\\\/#\\\/schema\\\/logo\\\/image\\\/\",\"url\":\"https:\\\/\\\/tcsled.fr\\\/wp-content\\\/uploads\\\/TCS-LED_LogoSignMail.jpg\",\"contentUrl\":\"https:\\\/\\\/tcsled.fr\\\/wp-content\\\/uploads\\\/TCS-LED_LogoSignMail.jpg\",\"width\":256,\"height\":175,\"caption\":\"Techniques Conseils Services\"},\"image\":{\"@id\":\"https:\\\/\\\/tcsled.fr\\\/#\\\/schema\\\/logo\\\/image\\\/\"},\"sameAs\":[\"https:\\\/\\\/www.facebook.com\\\/Tcs-led-449837571756448\\\/?tn-str=k*F\",\"https:\\\/\\\/www.instagram.com\\\/tcsled\\\/?hl=fr\"]}]}<\/script>\n<!-- \/ Yoast SEO plugin. -->","yoast_head_json":{"title":"R\u00e9f. PIQUE ~ pour spots ext\u00e9rieurs ~ - TCS-LED","robots":{"index":"index","follow":"follow","max-snippet":"max-snippet:-1","max-image-preview":"max-image-preview:large","max-video-preview":"max-video-preview:-1"},"canonical":"https:\/\/tcsled.fr\/index.php\/produit\/ref-pique\/","og_locale":"fr_FR","og_type":"article","og_title":"R\u00e9f. PIQUE ~ pour spots ext\u00e9rieurs ~ - TCS-LED","og_description":"PIQUET ALUMINIUM pour tous spots pat\u00e8re","og_url":"https:\/\/tcsled.fr\/index.php\/produit\/ref-pique\/","og_site_name":"TCS-LED","article_publisher":"https:\/\/www.facebook.com\/Tcs-led-449837571756448\/?tn-str=k%2aF","article_modified_time":"2024-05-24T09:19:36+00:00","og_image":[{"width":549,"height":467,"url":"https:\/\/tcsled.fr\/wp-content\/uploads\/2019\/12\/PIQUE_TCS_REF.jpg","type":"image\/jpeg"}],"twitter_card":"summary_large_image","twitter_misc":{"Dur\u00e9e de lecture estim\u00e9e":"1 minute"},"schema":{"@context":"https:\/\/schema.org","@graph":[{"@type":"WebPage","@id":"https:\/\/tcsled.fr\/index.php\/produit\/ref-pique\/","url":"https:\/\/tcsled.fr\/index.php\/produit\/ref-pique\/","name":"R\u00e9f. PIQUE ~ pour spots ext\u00e9rieurs ~ - TCS-LED","isPartOf":{"@id":"https:\/\/tcsled.fr\/#website"},"primaryImageOfPage":{"@id":"https:\/\/tcsled.fr\/index.php\/produit\/ref-pique\/#primaryimage"},"image":{"@id":"https:\/\/tcsled.fr\/index.php\/produit\/ref-pique\/#primaryimage"},"thumbnailUrl":"https:\/\/tcsled.fr\/wp-content\/uploads\/2019\/12\/PIQUE_TCS_REF.jpg","datePublished":"2019-12-17T13:51:52+00:00","dateModified":"2024-05-24T09:19:36+00:00","breadcrumb":{"@id":"https:\/\/tcsled.fr\/index.php\/produit\/ref-pique\/#breadcrumb"},"inLanguage":"fr-FR","potentialAction":[{"@type":"ReadAction","target":["https:\/\/tcsled.fr\/index.php\/produit\/ref-pique\/"]}]},{"@type":"ImageObject","inLanguage":"fr-FR","@id":"https:\/\/tcsled.fr\/index.php\/produit\/ref-pique\/#primaryimage","url":"https:\/\/tcsled.fr\/wp-content\/uploads\/2019\/12\/PIQUE_TCS_REF.jpg","contentUrl":"https:\/\/tcsled.fr\/wp-content\/uploads\/2019\/12\/PIQUE_TCS_REF.jpg","width":549,"height":467},{"@type":"BreadcrumbList","@id":"https:\/\/tcsled.fr\/index.php\/produit\/ref-pique\/#breadcrumb","itemListElement":[{"@type":"ListItem","position":1,"name":"Accueil","item":"https:\/\/tcsled.fr\/"},{"@type":"ListItem","position":2,"name":"La boutique","item":"https:\/\/tcsled.fr\/index.php\/la-boutique\/"},{"@type":"ListItem","position":3,"name":"R\u00e9f. PIQUE ~ pour spots ext\u00e9rieurs ~"}]},{"@type":"WebSite","@id":"https:\/\/tcsled.fr\/#website","url":"https:\/\/tcsled.fr\/","name":"TCS-LED","description":"TOUT L\u2018ECLAIRAGE LED, SUR-MESURE","publisher":{"@id":"https:\/\/tcsled.fr\/#organization"},"potentialAction":[{"@type":"SearchAction","target":{"@type":"EntryPoint","urlTemplate":"https:\/\/tcsled.fr\/?s={search_term_string}"},"query-input":{"@type":"PropertyValueSpecification","valueRequired":true,"valueName":"search_term_string"}}],"inLanguage":"fr-FR"},{"@type":"Organization","@id":"https:\/\/tcsled.fr\/#organization","name":"Techniques Conseils Services","alternateName":"TCS\u2022LED","url":"https:\/\/tcsled.fr\/","logo":{"@type":"ImageObject","inLanguage":"fr-FR","@id":"https:\/\/tcsled.fr\/#\/schema\/logo\/image\/","url":"https:\/\/tcsled.fr\/wp-content\/uploads\/TCS-LED_LogoSignMail.jpg","contentUrl":"https:\/\/tcsled.fr\/wp-content\/uploads\/TCS-LED_LogoSignMail.jpg","width":256,"height":175,"caption":"Techniques Conseils Services"},"image":{"@id":"https:\/\/tcsled.fr\/#\/schema\/logo\/image\/"},"sameAs":["https:\/\/www.facebook.com\/Tcs-led-449837571756448\/?tn-str=k*F","https:\/\/www.instagram.com\/tcsled\/?hl=fr"]}]}},"jetpack_sharing_enabled":true,"_links":{"self":[{"href":"https:\/\/tcsled.fr\/index.php\/wp-json\/wp\/v2\/product\/4039","targetHints":{"allow":["GET"]}}],"collection":[{"href":"https:\/\/tcsled.fr\/index.php\/wp-json\/wp\/v2\/product"}],"about":[{"href":"https:\/\/tcsled.fr\/index.php\/wp-json\/wp\/v2\/types\/product"}],"wp:featuredmedia":[{"embeddable":true,"href":"https:\/\/tcsled.fr\/index.php\/wp-json\/wp\/v2\/media\/4040"}],"wp:attachment":[{"href":"https:\/\/tcsled.fr\/index.php\/wp-json\/wp\/v2\/media?parent=4039"}],"wp:term":[{"taxonomy":"product_brand","embeddable":true,"href":"https:\/\/tcsled.fr\/index.php\/wp-json\/wp\/v2\/product_brand?post=4039"},{"taxonomy":"product_cat","embeddable":true,"href":"https:\/\/tcsled.fr\/index.php\/wp-json\/wp\/v2\/product_cat?post=4039"},{"taxonomy":"product_tag","embeddable":true,"href":"https:\/\/tcsled.fr\/index.php\/wp-json\/wp\/v2\/product_tag?post=4039"}],"curies":[{"name":"wp","href":"https:\/\/api.w.org\/{rel}","templated":true}]}}