{"id":2,"date":"2019-10-14T15:31:12","date_gmt":"2019-10-14T13:31:12","guid":{"rendered":"https:\/\/tcsled.fr\/dev\/?page_id=2"},"modified":"2020-02-17T17:46:56","modified_gmt":"2020-02-17T16:46:56","slug":"support-tutos-video","status":"publish","type":"page","link":"https:\/\/tcsled.fr\/index.php\/support-tutos-video\/","title":{"rendered":"PAGE SUPPORTS"},"content":{"rendered":"<p>[et_pb_section fb_built=\u00a0\u00bb1&Prime; _builder_version=\u00a0\u00bb4.2.2&Prime; background_color=\u00a0\u00bb#ffffff\u00a0\u00bb background_image=\u00a0\u00bbhttps:\/\/tcsled.fr\/wp-content\/uploads\/2020\/01\/FONDimage2_tutos.jpg\u00a0\u00bb z_index=\u00a0\u00bb0&Prime; custom_margin=\u00a0\u00bb||||false|false\u00a0\u00bb custom_padding=\u00a0\u00bb||50px||false|false\u00a0\u00bb animation_style=\u00a0\u00bbfade\u00a0\u00bb][et_pb_row _builder_version=\u00a0\u00bb4.2.2&Prime; background_color=\u00a0\u00bbrgba(0,0,0,0.6)\u00a0\u00bb module_alignment=\u00a0\u00bbcenter\u00a0\u00bb min_height=\u00a0\u00bb100px\u00a0\u00bb custom_margin=\u00a0\u00bb||50px||false|false\u00a0\u00bb custom_padding=\u00a0\u00bb19px||||false|false\u00a0\u00bb animation_style=\u00a0\u00bbfade\u00a0\u00bb locked=\u00a0\u00bboff\u00a0\u00bb][et_pb_column type=\u00a0\u00bb4_4&Prime; _builder_version=\u00a0\u00bb4.0.1&Prime;][et_pb_text _builder_version=\u00a0\u00bb4.1&Prime; text_font=\u00a0\u00bbKhand|300|||||||\u00a0\u00bb text_text_color=\u00a0\u00bb#ffffff\u00a0\u00bb text_font_size=\u00a0\u00bb56px\u00a0\u00bb text_letter_spacing=\u00a0\u00bb1px\u00a0\u00bb header_font_size=\u00a0\u00bb78px\u00a0\u00bb background_color=\u00a0\u00bbrgba(0,0,0,0)\u00a0\u00bb text_orientation=\u00a0\u00bbcenter\u00a0\u00bb background_layout=\u00a0\u00bbdark\u00a0\u00bb max_width=\u00a0\u00bb90%\u00a0\u00bb module_alignment=\u00a0\u00bbcenter\u00a0\u00bb custom_margin=\u00a0\u00bb||||false|false\u00a0\u00bb custom_padding=\u00a0\u00bb||||false|true\u00a0\u00bb text_text_shadow_style=\u00a0\u00bbpreset1&Prime; inline_fonts=\u00a0\u00bbKhand\u00a0\u00bb text_text_shadow_color__hover_enabled=\u00a0\u00bboff|desktop\u00a0\u00bb]<\/p>\n<p>TUTORIELS ET PLANS DE CABLAGE<\/p>\n<p>[\/et_pb_text][\/et_pb_column][\/et_pb_row][et_pb_row column_structure=\u00a0\u00bb3_5,2_5&Prime; use_custom_gutter=\u00a0\u00bbon\u00a0\u00bb gutter_width=\u00a0\u00bb1&Prime; _builder_version=\u00a0\u00bb4.3.2&Prime; background_color=\u00a0\u00bb#ffffff\u00a0\u00bb custom_margin=\u00a0\u00bb|auto|20px|auto|false|false\u00a0\u00bb custom_padding=\u00a0\u00bb0px||||false|false\u00a0\u00bb][et_pb_column type=\u00a0\u00bb3_5&Prime; _builder_version=\u00a0\u00bb4.0.1&Prime;][et_pb_video src=\u00a0\u00bbhttps:\/\/youtu.be\/ufQHTpMI8Z8&Prime; _builder_version=\u00a0\u00bb4.3.2&Prime; hover_enabled=\u00a0\u00bb0&Prime;][\/et_pb_video][\/et_pb_column][et_pb_column type=\u00a0\u00bb2_5&Prime; _builder_version=\u00a0\u00bb4.0.1&Prime;][et_pb_accordion _builder_version=\u00a0\u00bb4.3.2&Prime; toggle_font_size=\u00a0\u00bb24px\u00a0\u00bb hover_enabled=\u00a0\u00bb0&Prime; border_width_all=\u00a0\u00bb0px\u00a0\u00bb][et_pb_accordion_item title=\u00a0\u00bbBRANCHEMENT EN S\u00c9RIE\u00a0\u00bb open=\u00a0\u00bbon\u00a0\u00bb _builder_version=\u00a0\u00bb4.3.2&Prime; link_option_url_new_window=\u00a0\u00bbon\u00a0\u00bb hover_enabled=\u00a0\u00bb0&Prime;]<\/p>\n<p><strong>Il est imp\u00e9ratif de d\u00e9connecter l\u2019alimentation avant de travailler sur le c\u00e2blage ou la modification du c\u00e2blage des LED (circuit secondaire) et de connecter les LED avant de brancher l\u2019alimentation 230\u2009V.<\/strong><\/p>\n<p>Il est imp\u00e9ratif de respecter la polarit\u00e9 du c\u00e2blage de la LED de puissance comme indiqu\u00e9 sur le dessin ci-contre. MARRON ou ROUGE \u00e9tant le [+], NOIR ou BLEU \u00e9tant le [-]. Dans le cas inverse les LED seront endommag\u00e9es ou d\u00e9truites.<br \/> Les \u00e9tapes de branchement doivent se faire dans l\u2019ordre indiqu\u00e9 sur le sch\u00e9ma (de \u278a \u00e0 \u278c).\u00a0<strong>Attention<\/strong> : Les connecteurs UY2 ne doivent etre utilis\u00e9s que sur le secondaire.<\/p>\n<p><strong>TR\u00c8S IMPORTANT<\/strong> : Veillez \u00e0 bien choisir votre convertisseur en fonction du nombre de LED \u00e0 raccorder. Le convertisseur devra \u00eatre en sortie courant constant 350mA.<\/p>\n<p><\/p>\n<p>&gt; <a href=\"https:\/\/tcsled.fr\/wp-content\/uploads\/2020\/01\/PlanCablageSerie_NT110.jpg\" target=\"_blank\" rel=\"noopener noreferrer\"><span style=\"color: #ff6600;\">PLAN DE CABLAGE EN S\u00c9RIE<\/span><\/a><\/p>\n<p>[\/et_pb_accordion_item][\/et_pb_accordion][\/et_pb_column][\/et_pb_row][et_pb_row column_structure=\u00a0\u00bb3_5,2_5&Prime; use_custom_gutter=\u00a0\u00bbon\u00a0\u00bb gutter_width=\u00a0\u00bb1&Prime; _builder_version=\u00a0\u00bb4.3.2&Prime; background_color=\u00a0\u00bb#ffffff\u00a0\u00bb custom_margin=\u00a0\u00bb|auto|20px|auto|false|false\u00a0\u00bb custom_padding=\u00a0\u00bb0px||||false|false\u00a0\u00bb][et_pb_column type=\u00a0\u00bb3_5&Prime; _builder_version=\u00a0\u00bb4.0.1&Prime;][et_pb_video src=\u00a0\u00bbhttps:\/\/youtu.be\/tg2fQjdE6Dk\u00a0\u00bb _builder_version=\u00a0\u00bb4.3.2&Prime;][\/et_pb_video][\/et_pb_column][et_pb_column type=\u00a0\u00bb2_5&Prime; _builder_version=\u00a0\u00bb4.0.1&Prime;][et_pb_accordion open_toggle_text_color=\u00a0\u00bb#236ab9&Prime; closed_toggle_text_color=\u00a0\u00bb#236ab9&Prime; _builder_version=\u00a0\u00bb4.3.2&Prime; toggle_text_color=\u00a0\u00bb#236ab9&Prime; toggle_font_size=\u00a0\u00bb24px\u00a0\u00bb hover_enabled=\u00a0\u00bb0&Prime; border_width_all=\u00a0\u00bb0px\u00a0\u00bb][et_pb_accordion_item title=\u00a0\u00bbBRANCHEMENT EN PARALL\u00c8LE\u00a0\u00bb open=\u00a0\u00bbon\u00a0\u00bb open_toggle_text_color=\u00a0\u00bb#0074D9&Prime; _builder_version=\u00a0\u00bb4.3.2&Prime; link_option_url_new_window=\u00a0\u00bbon\u00a0\u00bb hover_enabled=\u00a0\u00bb0&Prime; toggle_text_color=\u00a0\u00bb#0074D9&Prime;]<strong>Il est imp\u00e9ratif de d\u00e9connecter l\u2019alimentation avant de travailler sur le c\u00e2blage ou la modification du c\u00e2blage des LED (circuit secondaire) et de connecter les LED avant de brancher l\u2019alimentation 230\u2009V.<\/strong><\/p>\n<p>Le montage en parall\u00e8le est n\u00e9cessaire pour des LED en 12 V, 24 V et 230 V. Dans ce cas, les composants sont soumis \u00e0 la m\u00eame tension, mais le courant n\u2019est pas le m\u00eame.<\/p>\n<p>Pour le montage en parall\u00e8le, les points d\u2019entr\u00e9e (+) et de sortie (-) des diff\u00e9rents spots sont connect\u00e9s entre eux. Contrairement au montage en s\u00e9rie, le courant circule ici \u00e0 travers plusieurs circuits. Donc quand un spot est cass\u00e9, les autres spots ne tombent pas en panne.<\/p>\n<p><strong>IMPORTANT<\/strong> :<span>Pour prolonger la dur\u00e9e de vie de vos lampes \u00e0 LED, nous vous conseillons de les brancher en courant continu.<\/span><\/p>\n<p><\/p>\n<p>&gt; <span style=\"color: #ff6600;\"><a href=\"https:\/\/tcsled.fr\/wp-content\/uploads\/2020\/02\/InstructionsCablageParallele.pdf\" target=\"_blank\" rel=\"noopener noreferrer\" style=\"color: #0074d9;\">PLAN DE CABLAGE EN PARALL\u00c8LE<\/a><\/span>[\/et_pb_accordion_item][\/et_pb_accordion][\/et_pb_column][\/et_pb_row][\/et_pb_section]<\/p>\n","protected":false},"excerpt":{"rendered":"<p>TUTORIELS ET PLANS DE CABLAGEIl est imp\u00e9ratif de d\u00e9connecter l\u2019alimentation avant de travailler sur le c\u00e2blage ou la modification du c\u00e2blage des LED (circuit secondaire) et de connecter les LED avant de brancher l\u2019alimentation 230\u2009V. Il est imp\u00e9ratif de respecter la polarit\u00e9 du c\u00e2blage de la LED de puissance comme indiqu\u00e9 sur le dessin ci-contre. [&hellip;]<\/p>\n","protected":false},"author":1,"featured_media":0,"parent":0,"menu_order":0,"comment_status":"closed","ping_status":"closed","template":"","meta":{"_et_pb_use_builder":"on","_et_pb_old_content":"<!-- wp:paragraph -->\n<p>Ceci est une page d\u2019exemple. C\u2019est diff\u00e9rent d\u2019un article de blog parce qu\u2019elle restera au m\u00eame endroit et appara\u00eetra dans la navigation de votre site (dans la plupart des th\u00e8mes). La plupart des gens commencent par une page \u00ab&nbsp;\u00c0 propos&nbsp;\u00bb qui les pr\u00e9sente aux visiteurs du site. Cela pourrait ressembler \u00e0 quelque chose comme cela&nbsp;:<\/p>\n<!-- \/wp:paragraph -->\n\n<!-- wp:quote -->\n<blockquote class=\"wp-block-quote\"><p>Bonjour&nbsp;! Je suis un m\u00e9canicien qui aspire \u00e0 devenir acteur, et voici mon site. J\u2019habite \u00e0 Bordeaux, j\u2019ai un super chien baptis\u00e9 Russell, et j\u2019aime la vodka-ananas (ainsi qu\u2019\u00eatre surpris par la pluie soudaine lors de longues balades sur la plage au coucher du soleil).<\/p><\/blockquote>\n<!-- \/wp:quote -->\n\n<!-- wp:paragraph -->\n<p>... ou quelque chose comme cela&nbsp;:<\/p>\n<!-- \/wp:paragraph -->\n\n<!-- wp:quote -->\n<blockquote class=\"wp-block-quote\"><p>La soci\u00e9t\u00e9 123 Machin Truc a \u00e9t\u00e9 cr\u00e9\u00e9e en 1971, et n\u2019a cess\u00e9 de proposer au public des machins-trucs de qualit\u00e9 depuis lors. Situ\u00e9e \u00e0 Saint-Remy-en-Bouzemont-Saint-Genest-et-Isson, 123 Machin Truc emploie 2 000 personnes, et fabrique toutes sortes de bidules super pour la communaut\u00e9 bouzemontoise.<\/p><\/blockquote>\n<!-- \/wp:quote -->\n\n<!-- wp:paragraph -->\n<p>En tant que nouvel\u00b7le utilisateur ou utilisatrice de WordPress, vous devriez vous rendre sur <a href=\"https:\/\/tcsled.fr\/wp-admin\/\">votre tableau de bord<\/a> pour supprimer cette page et cr\u00e9er de nouvelles pages pour votre contenu. Amusez-vous bien&nbsp;!<\/p>\n<!-- \/wp:paragraph -->","_et_gb_content_width":"","footnotes":""},"class_list":["post-2","page","type-page","status-publish","hentry"],"yoast_head":"<!-- This site is optimized with the Yoast SEO plugin v27.3 - https:\/\/yoast.com\/product\/yoast-seo-wordpress\/ -->\n<title>PAGE SUPPORTS - TCS-LED<\/title>\n<meta name=\"robots\" content=\"index, follow, max-snippet:-1, max-image-preview:large, max-video-preview:-1\" \/>\n<link rel=\"canonical\" href=\"https:\/\/tcsled.fr\/index.php\/support-tutos-video\/\" \/>\n<meta property=\"og:locale\" content=\"fr_FR\" \/>\n<meta property=\"og:type\" content=\"article\" \/>\n<meta property=\"og:title\" content=\"PAGE SUPPORTS - TCS-LED\" \/>\n<meta property=\"og:description\" content=\"TUTORIELS ET PLANS DE CABLAGEIl est imp\u00e9ratif de d\u00e9connecter l\u2019alimentation avant de travailler sur le c\u00e2blage ou la modification du c\u00e2blage des LED (circuit secondaire) et de connecter les LED avant de brancher l\u2019alimentation 230\u2009V. Il est imp\u00e9ratif de respecter la polarit\u00e9 du c\u00e2blage de la LED de puissance comme indiqu\u00e9 sur le dessin ci-contre. [&hellip;]\" \/>\n<meta property=\"og:url\" content=\"https:\/\/tcsled.fr\/index.php\/support-tutos-video\/\" \/>\n<meta property=\"og:site_name\" content=\"TCS-LED\" \/>\n<meta property=\"article:publisher\" content=\"https:\/\/www.facebook.com\/Tcs-led-449837571756448\/?tn-str=k%2aF\" \/>\n<meta property=\"article:modified_time\" content=\"2020-02-17T16:46:56+00:00\" \/>\n<meta name=\"twitter:card\" content=\"summary_large_image\" \/>\n<meta name=\"twitter:label1\" content=\"Dur\u00e9e de lecture estim\u00e9e\" \/>\n\t<meta name=\"twitter:data1\" content=\"3 minutes\" \/>\n<script type=\"application\/ld+json\" class=\"yoast-schema-graph\">{\"@context\":\"https:\\\/\\\/schema.org\",\"@graph\":[{\"@type\":\"WebPage\",\"@id\":\"https:\\\/\\\/tcsled.fr\\\/index.php\\\/support-tutos-video\\\/\",\"url\":\"https:\\\/\\\/tcsled.fr\\\/index.php\\\/support-tutos-video\\\/\",\"name\":\"PAGE SUPPORTS - TCS-LED\",\"isPartOf\":{\"@id\":\"https:\\\/\\\/tcsled.fr\\\/#website\"},\"datePublished\":\"2019-10-14T13:31:12+00:00\",\"dateModified\":\"2020-02-17T16:46:56+00:00\",\"breadcrumb\":{\"@id\":\"https:\\\/\\\/tcsled.fr\\\/index.php\\\/support-tutos-video\\\/#breadcrumb\"},\"inLanguage\":\"fr-FR\",\"potentialAction\":[{\"@type\":\"ReadAction\",\"target\":[\"https:\\\/\\\/tcsled.fr\\\/index.php\\\/support-tutos-video\\\/\"]}]},{\"@type\":\"BreadcrumbList\",\"@id\":\"https:\\\/\\\/tcsled.fr\\\/index.php\\\/support-tutos-video\\\/#breadcrumb\",\"itemListElement\":[{\"@type\":\"ListItem\",\"position\":1,\"name\":\"Accueil\",\"item\":\"https:\\\/\\\/tcsled.fr\\\/\"},{\"@type\":\"ListItem\",\"position\":2,\"name\":\"PAGE SUPPORTS\"}]},{\"@type\":\"WebSite\",\"@id\":\"https:\\\/\\\/tcsled.fr\\\/#website\",\"url\":\"https:\\\/\\\/tcsled.fr\\\/\",\"name\":\"TCS-LED\",\"description\":\"TOUT L\u2018ECLAIRAGE LED, SUR-MESURE\",\"publisher\":{\"@id\":\"https:\\\/\\\/tcsled.fr\\\/#organization\"},\"potentialAction\":[{\"@type\":\"SearchAction\",\"target\":{\"@type\":\"EntryPoint\",\"urlTemplate\":\"https:\\\/\\\/tcsled.fr\\\/?s={search_term_string}\"},\"query-input\":{\"@type\":\"PropertyValueSpecification\",\"valueRequired\":true,\"valueName\":\"search_term_string\"}}],\"inLanguage\":\"fr-FR\"},{\"@type\":\"Organization\",\"@id\":\"https:\\\/\\\/tcsled.fr\\\/#organization\",\"name\":\"Techniques Conseils Services\",\"alternateName\":\"TCS\u2022LED\",\"url\":\"https:\\\/\\\/tcsled.fr\\\/\",\"logo\":{\"@type\":\"ImageObject\",\"inLanguage\":\"fr-FR\",\"@id\":\"https:\\\/\\\/tcsled.fr\\\/#\\\/schema\\\/logo\\\/image\\\/\",\"url\":\"https:\\\/\\\/tcsled.fr\\\/wp-content\\\/uploads\\\/TCS-LED_LogoSignMail.jpg\",\"contentUrl\":\"https:\\\/\\\/tcsled.fr\\\/wp-content\\\/uploads\\\/TCS-LED_LogoSignMail.jpg\",\"width\":256,\"height\":175,\"caption\":\"Techniques Conseils Services\"},\"image\":{\"@id\":\"https:\\\/\\\/tcsled.fr\\\/#\\\/schema\\\/logo\\\/image\\\/\"},\"sameAs\":[\"https:\\\/\\\/www.facebook.com\\\/Tcs-led-449837571756448\\\/?tn-str=k*F\",\"https:\\\/\\\/www.instagram.com\\\/tcsled\\\/?hl=fr\"]}]}<\/script>\n<!-- \/ Yoast SEO plugin. -->","yoast_head_json":{"title":"PAGE SUPPORTS - TCS-LED","robots":{"index":"index","follow":"follow","max-snippet":"max-snippet:-1","max-image-preview":"max-image-preview:large","max-video-preview":"max-video-preview:-1"},"canonical":"https:\/\/tcsled.fr\/index.php\/support-tutos-video\/","og_locale":"fr_FR","og_type":"article","og_title":"PAGE SUPPORTS - TCS-LED","og_description":"TUTORIELS ET PLANS DE CABLAGEIl est imp\u00e9ratif de d\u00e9connecter l\u2019alimentation avant de travailler sur le c\u00e2blage ou la modification du c\u00e2blage des LED (circuit secondaire) et de connecter les LED avant de brancher l\u2019alimentation 230\u2009V. Il est imp\u00e9ratif de respecter la polarit\u00e9 du c\u00e2blage de la LED de puissance comme indiqu\u00e9 sur le dessin ci-contre. [&hellip;]","og_url":"https:\/\/tcsled.fr\/index.php\/support-tutos-video\/","og_site_name":"TCS-LED","article_publisher":"https:\/\/www.facebook.com\/Tcs-led-449837571756448\/?tn-str=k%2aF","article_modified_time":"2020-02-17T16:46:56+00:00","twitter_card":"summary_large_image","twitter_misc":{"Dur\u00e9e de lecture estim\u00e9e":"3 minutes"},"schema":{"@context":"https:\/\/schema.org","@graph":[{"@type":"WebPage","@id":"https:\/\/tcsled.fr\/index.php\/support-tutos-video\/","url":"https:\/\/tcsled.fr\/index.php\/support-tutos-video\/","name":"PAGE SUPPORTS - TCS-LED","isPartOf":{"@id":"https:\/\/tcsled.fr\/#website"},"datePublished":"2019-10-14T13:31:12+00:00","dateModified":"2020-02-17T16:46:56+00:00","breadcrumb":{"@id":"https:\/\/tcsled.fr\/index.php\/support-tutos-video\/#breadcrumb"},"inLanguage":"fr-FR","potentialAction":[{"@type":"ReadAction","target":["https:\/\/tcsled.fr\/index.php\/support-tutos-video\/"]}]},{"@type":"BreadcrumbList","@id":"https:\/\/tcsled.fr\/index.php\/support-tutos-video\/#breadcrumb","itemListElement":[{"@type":"ListItem","position":1,"name":"Accueil","item":"https:\/\/tcsled.fr\/"},{"@type":"ListItem","position":2,"name":"PAGE SUPPORTS"}]},{"@type":"WebSite","@id":"https:\/\/tcsled.fr\/#website","url":"https:\/\/tcsled.fr\/","name":"TCS-LED","description":"TOUT L\u2018ECLAIRAGE LED, SUR-MESURE","publisher":{"@id":"https:\/\/tcsled.fr\/#organization"},"potentialAction":[{"@type":"SearchAction","target":{"@type":"EntryPoint","urlTemplate":"https:\/\/tcsled.fr\/?s={search_term_string}"},"query-input":{"@type":"PropertyValueSpecification","valueRequired":true,"valueName":"search_term_string"}}],"inLanguage":"fr-FR"},{"@type":"Organization","@id":"https:\/\/tcsled.fr\/#organization","name":"Techniques Conseils Services","alternateName":"TCS\u2022LED","url":"https:\/\/tcsled.fr\/","logo":{"@type":"ImageObject","inLanguage":"fr-FR","@id":"https:\/\/tcsled.fr\/#\/schema\/logo\/image\/","url":"https:\/\/tcsled.fr\/wp-content\/uploads\/TCS-LED_LogoSignMail.jpg","contentUrl":"https:\/\/tcsled.fr\/wp-content\/uploads\/TCS-LED_LogoSignMail.jpg","width":256,"height":175,"caption":"Techniques Conseils Services"},"image":{"@id":"https:\/\/tcsled.fr\/#\/schema\/logo\/image\/"},"sameAs":["https:\/\/www.facebook.com\/Tcs-led-449837571756448\/?tn-str=k*F","https:\/\/www.instagram.com\/tcsled\/?hl=fr"]}]}},"jetpack_sharing_enabled":true,"_links":{"self":[{"href":"https:\/\/tcsled.fr\/index.php\/wp-json\/wp\/v2\/pages\/2","targetHints":{"allow":["GET"]}}],"collection":[{"href":"https:\/\/tcsled.fr\/index.php\/wp-json\/wp\/v2\/pages"}],"about":[{"href":"https:\/\/tcsled.fr\/index.php\/wp-json\/wp\/v2\/types\/page"}],"author":[{"embeddable":true,"href":"https:\/\/tcsled.fr\/index.php\/wp-json\/wp\/v2\/users\/1"}],"replies":[{"embeddable":true,"href":"https:\/\/tcsled.fr\/index.php\/wp-json\/wp\/v2\/comments?post=2"}],"version-history":[{"count":31,"href":"https:\/\/tcsled.fr\/index.php\/wp-json\/wp\/v2\/pages\/2\/revisions"}],"predecessor-version":[{"id":7833,"href":"https:\/\/tcsled.fr\/index.php\/wp-json\/wp\/v2\/pages\/2\/revisions\/7833"}],"wp:attachment":[{"href":"https:\/\/tcsled.fr\/index.php\/wp-json\/wp\/v2\/media?parent=2"}],"curies":[{"name":"wp","href":"https:\/\/api.w.org\/{rel}","templated":true}]}}